{"id":28,"date":"2026-03-09T19:13:14","date_gmt":"2026-03-09T19:13:14","guid":{"rendered":"https:\/\/konectapublicidad.com\/?page_id=28"},"modified":"2026-03-13T23:12:46","modified_gmt":"2026-03-13T23:12:46","slug":"acerca-de","status":"publish","type":"page","link":"https:\/\/konectapublicidad.com\/index.php\/acerca-de\/","title":{"rendered":"Comunicaci\u00f3n visual profesional para congresos y empresas"},"content":{"rendered":"\n<p><\/p>\n\n\n\n<p><strong>Propuesta de valor<\/strong><\/p>\n\n\n\n<p>En<strong> Konecta Publicidad<\/strong> entendemos que cada pieza editorial es una herramienta de comunicaci\u00f3n. Por ello trabajamos con criterios de orden visual, jerarqu\u00eda tipogr\u00e1fica y coherencia gr\u00e1fica, logrando materiales que transmiten profesionalismo y credibilidad.<\/p>\n\n\n\n<p>Colaboramos con empresas, asociaciones, instituciones y organizadores de congresos, ofreciendo soluciones confiables desde el dise\u00f1o hasta la producci\u00f3n final.<\/p>\n","protected":false},"excerpt":{"rendered":"<p>Propuesta de valor En Konecta Publicidad entendemos que cada pieza editorial es una herramienta de comunicaci\u00f3n. Por ello trabajamos con criterios de orden visual, jerarqu\u00eda tipogr\u00e1fica y coherencia gr\u00e1fica, logrando materiales que transmiten profesionalismo y credibilidad. Colaboramos con empresas, asociaciones, instituciones y organizadores de congresos, ofreciendo soluciones confiables desde el dise\u00f1o hasta la producci\u00f3n final.<\/p>\n","protected":false},"author":1,"featured_media":57,"parent":0,"menu_order":0,"comment_status":"closed","ping_status":"closed","template":"","meta":{"footnotes":""},"class_list":["post-28","page","type-page","status-publish","has-post-thumbnail","hentry"],"_links":{"self":[{"href":"https:\/\/konectapublicidad.com\/index.php\/wp-json\/wp\/v2\/pages\/28","targetHints":{"allow":["GET"]}}],"collection":[{"href":"https:\/\/konectapublicidad.com\/index.php\/wp-json\/wp\/v2\/pages"}],"about":[{"href":"https:\/\/konectapublicidad.com\/index.php\/wp-json\/wp\/v2\/types\/page"}],"author":[{"embeddable":true,"href":"https:\/\/konectapublicidad.com\/index.php\/wp-json\/wp\/v2\/users\/1"}],"replies":[{"embeddable":true,"href":"https:\/\/konectapublicidad.com\/index.php\/wp-json\/wp\/v2\/comments?post=28"}],"version-history":[{"count":5,"href":"https:\/\/konectapublicidad.com\/index.php\/wp-json\/wp\/v2\/pages\/28\/revisions"}],"predecessor-version":[{"id":93,"href":"https:\/\/konectapublicidad.com\/index.php\/wp-json\/wp\/v2\/pages\/28\/revisions\/93"}],"wp:featuredmedia":[{"embeddable":true,"href":"https:\/\/konectapublicidad.com\/index.php\/wp-json\/wp\/v2\/media\/57"}],"wp:attachment":[{"href":"https:\/\/konectapublicidad.com\/index.php\/wp-json\/wp\/v2\/media?parent=28"}],"curies":[{"name":"wp","href":"https:\/\/api.w.org\/{rel}","templated":true}]}}